{"id":572,"date":"2019-12-05T00:04:02","date_gmt":"2019-12-05T03:04:02","guid":{"rendered":"http:\/\/sentiteseguro.emergenciaag.com.ar\/?page_id=572"},"modified":"2019-12-13T12:32:07","modified_gmt":"2019-12-13T15:32:07","slug":"llamando-al-doctor-2","status":"publish","type":"page","link":"http:\/\/sentiteseguro.emergenciaag.com.ar\/index.php\/llamando-al-doctor-2\/","title":{"rendered":"Llamando al Doctor"},"content":{"rendered":"\n<figure class=\"wp-block-image size-large\"><img loading=\"lazy\" decoding=\"async\" width=\"1024\" height=\"683\" src=\"http:\/\/sentiteseguro.emergenciaag.com.ar\/wp-content\/uploads\/2019\/12\/Llamando-al-Doctor-1024x683.jpg\" alt=\"\" class=\"wp-image-592\" srcset=\"http:\/\/sentiteseguro.emergenciaag.com.ar\/wp-content\/uploads\/2019\/12\/Llamando-al-Doctor-1024x683.jpg 1024w, http:\/\/sentiteseguro.emergenciaag.com.ar\/wp-content\/uploads\/2019\/12\/Llamando-al-Doctor-300x200.jpg 300w, http:\/\/sentiteseguro.emergenciaag.com.ar\/wp-content\/uploads\/2019\/12\/Llamando-al-Doctor-768x512.jpg 768w, http:\/\/sentiteseguro.emergenciaag.com.ar\/wp-content\/uploads\/2019\/12\/Llamando-al-Doctor-90x60.jpg 90w, http:\/\/sentiteseguro.emergenciaag.com.ar\/wp-content\/uploads\/2019\/12\/Llamando-al-Doctor.jpg 1382w\" sizes=\"auto, (max-width: 1024px) 100vw, 1024px\" \/><\/figure>\n\n\n\n<p>Como funciona el sistema\u2026?<\/p>\n\n\n\n<p>\u00b7 &nbsp; &nbsp; &nbsp; &nbsp; Entr\u00e1 en Google Play o AppStore y descarg\u00e1 la aplicaci\u00f3n Llamando al Doctor.<\/p>\n\n\n\n<p>\u00b7 &nbsp; &nbsp; &nbsp; &nbsp; Una vez descargada, seleccion\u00e1 soy usuario e ingresa tu DNI y n\u00famero de referencia.<\/p>\n\n\n\n<p>\u00b7 &nbsp; &nbsp; &nbsp; &nbsp; Seleccion\u00e1 la especialidad que quer\u00e9s consultar.<\/p>\n\n\n\n<p>\u00b7 &nbsp; &nbsp; &nbsp; &nbsp; Escrib\u00ed el motivo de tu consulta y marc\u00e1 si ten\u00e9s antecedentes de relevancia.<\/p>\n\n\n\n<p>\u00b7 &nbsp; &nbsp; &nbsp; &nbsp; Presion\u00e1 el bot\u00f3n llamar.<\/p>\n\n\n\n<ul class=\"wp-block-list\"><li>te atendera un profesional muy calificado de las principales instituciones <\/li><\/ul>\n\n\n\n<p>\u00b7 &nbsp; &nbsp; &nbsp; &nbsp; Al finalizar la llamada, calific\u00e1 la atenci\u00f3n del profesional.<\/p>\n\n\n\n<p>Pod\u00e9s usar \u00e9l servicio para:<\/p>\n\n\n\n<p>&#8211;&nbsp; &nbsp; &nbsp; &nbsp; &nbsp; Resfr\u00edos<\/p>\n\n\n\n<p>&#8211;&nbsp; &nbsp; &nbsp; &nbsp; &nbsp; Sinusitis<\/p>\n\n\n\n<p>&#8211;&nbsp; &nbsp; &nbsp; &nbsp; &nbsp; Gripe<\/p>\n\n\n\n<p>&#8211;&nbsp; &nbsp; &nbsp; &nbsp; &nbsp; Problemas pedi\u00e1tricos de baja intensidad.<\/p>\n\n\n\n<p>&#8211;&nbsp; &nbsp; &nbsp; &nbsp; &nbsp; Erupciones cutaneas.<\/p>\n\n\n\n<p>&#8211;&nbsp; &nbsp; &nbsp; &nbsp; &nbsp; Alergias.<\/p>\n\n\n\n<p>&#8211;&nbsp; &nbsp; &nbsp; &nbsp; &nbsp; Asma<\/p>\n\n\n\n<p>&#8211;&nbsp; &nbsp; &nbsp; &nbsp; &nbsp; Infecciones del tracto urinario.<\/p>\n\n\n\n<p>&#8211;&nbsp; &nbsp; &nbsp; &nbsp; &nbsp; Dolor de garganta.<\/p>\n\n\n\n<p>&#8211;&nbsp; &nbsp; &nbsp; &nbsp; &nbsp; Vomitos.<\/p>\n\n\n\n<p>&#8211;&nbsp; &nbsp; &nbsp; &nbsp; &nbsp; Diarreas.<\/p>\n\n\n\n<p>&#8211;&nbsp; &nbsp; &nbsp; &nbsp; &nbsp; Enfermedades del viajero.-&nbsp; &nbsp; &nbsp; &nbsp; &nbsp; Consejer\u00eda para dejar de fumar.\n\n<\/p>\n","protected":false},"excerpt":{"rendered":"<p>Como funciona el sistema\u2026? \u00b7 &nbsp; &nbsp; &nbsp; &nbsp; Entr\u00e1 &hellip; <\/p>\n","protected":false},"author":1,"featured_media":0,"parent":0,"menu_order":0,"comment_status":"closed","ping_status":"closed","template":"","meta":{"_joinchat":[],"footnotes":""},"class_list":["post-572","page","type-page","status-publish","hentry"],"yoast_head":"<!-- This site is optimized with the Yoast SEO plugin v27.5 - https:\/\/yoast.com\/product\/yoast-seo-wordpress\/ -->\n<title>Llamando al Doctor - Sentite Seguro<\/title>\n<meta name=\"robots\" content=\"index, follow, max-snippet:-1, max-image-preview:large, max-video-preview:-1\" \/>\n<link rel=\"canonical\" href=\"http:\/\/sentiteseguro.emergenciaag.com.ar\/index.php\/llamando-al-doctor-2\/\" \/>\n<meta property=\"og:locale\" content=\"es_ES\" \/>\n<meta property=\"og:type\" content=\"article\" \/>\n<meta property=\"og:title\" content=\"Llamando al Doctor - Sentite Seguro\" \/>\n<meta property=\"og:description\" content=\"Como funciona el sistema\u2026? \u00b7 &nbsp; &nbsp; &nbsp; &nbsp; Entr\u00e1 &hellip;\" \/>\n<meta property=\"og:url\" content=\"http:\/\/sentiteseguro.emergenciaag.com.ar\/index.php\/llamando-al-doctor-2\/\" \/>\n<meta property=\"og:site_name\" content=\"Sentite Seguro\" \/>\n<meta property=\"article:modified_time\" content=\"2019-12-13T15:32:07+00:00\" \/>\n<meta property=\"og:image\" content=\"http:\/\/sentiteseguro.emergenciaag.com.ar\/wp-content\/uploads\/2019\/12\/Llamando-al-Doctor-1024x683.jpg\" \/>\n<meta name=\"twitter:card\" content=\"summary_large_image\" \/>\n<meta name=\"twitter:label1\" content=\"Tiempo de lectura\" \/>\n\t<meta name=\"twitter:data1\" content=\"1 minuto\" \/>\n<script type=\"application\/ld+json\" class=\"yoast-schema-graph\">{\"@context\":\"https:\\\/\\\/schema.org\",\"@graph\":[{\"@type\":\"WebPage\",\"@id\":\"http:\\\/\\\/sentiteseguro.emergenciaag.com.ar\\\/index.php\\\/llamando-al-doctor-2\\\/\",\"url\":\"http:\\\/\\\/sentiteseguro.emergenciaag.com.ar\\\/index.php\\\/llamando-al-doctor-2\\\/\",\"name\":\"Llamando al Doctor - Sentite Seguro\",\"isPartOf\":{\"@id\":\"http:\\\/\\\/sentiteseguro.emergenciaag.com.ar\\\/#website\"},\"primaryImageOfPage\":{\"@id\":\"http:\\\/\\\/sentiteseguro.emergenciaag.com.ar\\\/index.php\\\/llamando-al-doctor-2\\\/#primaryimage\"},\"image\":{\"@id\":\"http:\\\/\\\/sentiteseguro.emergenciaag.com.ar\\\/index.php\\\/llamando-al-doctor-2\\\/#primaryimage\"},\"thumbnailUrl\":\"http:\\\/\\\/sentiteseguro.emergenciaag.com.ar\\\/wp-content\\\/uploads\\\/2019\\\/12\\\/Llamando-al-Doctor-1024x683.jpg\",\"datePublished\":\"2019-12-05T03:04:02+00:00\",\"dateModified\":\"2019-12-13T15:32:07+00:00\",\"breadcrumb\":{\"@id\":\"http:\\\/\\\/sentiteseguro.emergenciaag.com.ar\\\/index.php\\\/llamando-al-doctor-2\\\/#breadcrumb\"},\"inLanguage\":\"es-AR\",\"potentialAction\":[{\"@type\":\"ReadAction\",\"target\":[\"http:\\\/\\\/sentiteseguro.emergenciaag.com.ar\\\/index.php\\\/llamando-al-doctor-2\\\/\"]}]},{\"@type\":\"ImageObject\",\"inLanguage\":\"es-AR\",\"@id\":\"http:\\\/\\\/sentiteseguro.emergenciaag.com.ar\\\/index.php\\\/llamando-al-doctor-2\\\/#primaryimage\",\"url\":\"http:\\\/\\\/sentiteseguro.emergenciaag.com.ar\\\/wp-content\\\/uploads\\\/2019\\\/12\\\/Llamando-al-Doctor.jpg\",\"contentUrl\":\"http:\\\/\\\/sentiteseguro.emergenciaag.com.ar\\\/wp-content\\\/uploads\\\/2019\\\/12\\\/Llamando-al-Doctor.jpg\",\"width\":1382,\"height\":922},{\"@type\":\"BreadcrumbList\",\"@id\":\"http:\\\/\\\/sentiteseguro.emergenciaag.com.ar\\\/index.php\\\/llamando-al-doctor-2\\\/#breadcrumb\",\"itemListElement\":[{\"@type\":\"ListItem\",\"position\":1,\"name\":\"Inicio\",\"item\":\"https:\\\/\\\/sentiteseguro.emergenciaag.com.ar\\\/\"},{\"@type\":\"ListItem\",\"position\":2,\"name\":\"Llamando al Doctor\"}]},{\"@type\":\"WebSite\",\"@id\":\"http:\\\/\\\/sentiteseguro.emergenciaag.com.ar\\\/#website\",\"url\":\"http:\\\/\\\/sentiteseguro.emergenciaag.com.ar\\\/\",\"name\":\"Sentite Seguro\",\"description\":\"Emergencia AG\",\"publisher\":{\"@id\":\"http:\\\/\\\/sentiteseguro.emergenciaag.com.ar\\\/#organization\"},\"potentialAction\":[{\"@type\":\"SearchAction\",\"target\":{\"@type\":\"EntryPoint\",\"urlTemplate\":\"http:\\\/\\\/sentiteseguro.emergenciaag.com.ar\\\/?s={search_term_string}\"},\"query-input\":{\"@type\":\"PropertyValueSpecification\",\"valueRequired\":true,\"valueName\":\"search_term_string\"}}],\"inLanguage\":\"es-AR\"},{\"@type\":\"Organization\",\"@id\":\"http:\\\/\\\/sentiteseguro.emergenciaag.com.ar\\\/#organization\",\"name\":\"Sentite Seguro\",\"url\":\"http:\\\/\\\/sentiteseguro.emergenciaag.com.ar\\\/\",\"logo\":{\"@type\":\"ImageObject\",\"inLanguage\":\"es-AR\",\"@id\":\"http:\\\/\\\/sentiteseguro.emergenciaag.com.ar\\\/#\\\/schema\\\/logo\\\/image\\\/\",\"url\":\"http:\\\/\\\/sentiteseguro.emergenciaag.com.ar\\\/wp-content\\\/uploads\\\/2019\\\/11\\\/Iso.png\",\"contentUrl\":\"http:\\\/\\\/sentiteseguro.emergenciaag.com.ar\\\/wp-content\\\/uploads\\\/2019\\\/11\\\/Iso.png\",\"width\":76,\"height\":58,\"caption\":\"Sentite Seguro\"},\"image\":{\"@id\":\"http:\\\/\\\/sentiteseguro.emergenciaag.com.ar\\\/#\\\/schema\\\/logo\\\/image\\\/\"}}]}<\/script>\n<!-- \/ Yoast SEO plugin. -->","yoast_head_json":{"title":"Llamando al Doctor - Sentite Seguro","robots":{"index":"index","follow":"follow","max-snippet":"max-snippet:-1","max-image-preview":"max-image-preview:large","max-video-preview":"max-video-preview:-1"},"canonical":"http:\/\/sentiteseguro.emergenciaag.com.ar\/index.php\/llamando-al-doctor-2\/","og_locale":"es_ES","og_type":"article","og_title":"Llamando al Doctor - Sentite Seguro","og_description":"Como funciona el sistema\u2026? \u00b7 &nbsp; &nbsp; &nbsp; &nbsp; Entr\u00e1 &hellip;","og_url":"http:\/\/sentiteseguro.emergenciaag.com.ar\/index.php\/llamando-al-doctor-2\/","og_site_name":"Sentite Seguro","article_modified_time":"2019-12-13T15:32:07+00:00","og_image":[{"url":"http:\/\/sentiteseguro.emergenciaag.com.ar\/wp-content\/uploads\/2019\/12\/Llamando-al-Doctor-1024x683.jpg","type":"","width":"","height":""}],"twitter_card":"summary_large_image","twitter_misc":{"Tiempo de lectura":"1 minuto"},"schema":{"@context":"https:\/\/schema.org","@graph":[{"@type":"WebPage","@id":"http:\/\/sentiteseguro.emergenciaag.com.ar\/index.php\/llamando-al-doctor-2\/","url":"http:\/\/sentiteseguro.emergenciaag.com.ar\/index.php\/llamando-al-doctor-2\/","name":"Llamando al Doctor - Sentite Seguro","isPartOf":{"@id":"http:\/\/sentiteseguro.emergenciaag.com.ar\/#website"},"primaryImageOfPage":{"@id":"http:\/\/sentiteseguro.emergenciaag.com.ar\/index.php\/llamando-al-doctor-2\/#primaryimage"},"image":{"@id":"http:\/\/sentiteseguro.emergenciaag.com.ar\/index.php\/llamando-al-doctor-2\/#primaryimage"},"thumbnailUrl":"http:\/\/sentiteseguro.emergenciaag.com.ar\/wp-content\/uploads\/2019\/12\/Llamando-al-Doctor-1024x683.jpg","datePublished":"2019-12-05T03:04:02+00:00","dateModified":"2019-12-13T15:32:07+00:00","breadcrumb":{"@id":"http:\/\/sentiteseguro.emergenciaag.com.ar\/index.php\/llamando-al-doctor-2\/#breadcrumb"},"inLanguage":"es-AR","potentialAction":[{"@type":"ReadAction","target":["http:\/\/sentiteseguro.emergenciaag.com.ar\/index.php\/llamando-al-doctor-2\/"]}]},{"@type":"ImageObject","inLanguage":"es-AR","@id":"http:\/\/sentiteseguro.emergenciaag.com.ar\/index.php\/llamando-al-doctor-2\/#primaryimage","url":"http:\/\/sentiteseguro.emergenciaag.com.ar\/wp-content\/uploads\/2019\/12\/Llamando-al-Doctor.jpg","contentUrl":"http:\/\/sentiteseguro.emergenciaag.com.ar\/wp-content\/uploads\/2019\/12\/Llamando-al-Doctor.jpg","width":1382,"height":922},{"@type":"BreadcrumbList","@id":"http:\/\/sentiteseguro.emergenciaag.com.ar\/index.php\/llamando-al-doctor-2\/#breadcrumb","itemListElement":[{"@type":"ListItem","position":1,"name":"Inicio","item":"https:\/\/sentiteseguro.emergenciaag.com.ar\/"},{"@type":"ListItem","position":2,"name":"Llamando al Doctor"}]},{"@type":"WebSite","@id":"http:\/\/sentiteseguro.emergenciaag.com.ar\/#website","url":"http:\/\/sentiteseguro.emergenciaag.com.ar\/","name":"Sentite Seguro","description":"Emergencia AG","publisher":{"@id":"http:\/\/sentiteseguro.emergenciaag.com.ar\/#organization"},"potentialAction":[{"@type":"SearchAction","target":{"@type":"EntryPoint","urlTemplate":"http:\/\/sentiteseguro.emergenciaag.com.ar\/?s={search_term_string}"},"query-input":{"@type":"PropertyValueSpecification","valueRequired":true,"valueName":"search_term_string"}}],"inLanguage":"es-AR"},{"@type":"Organization","@id":"http:\/\/sentiteseguro.emergenciaag.com.ar\/#organization","name":"Sentite Seguro","url":"http:\/\/sentiteseguro.emergenciaag.com.ar\/","logo":{"@type":"ImageObject","inLanguage":"es-AR","@id":"http:\/\/sentiteseguro.emergenciaag.com.ar\/#\/schema\/logo\/image\/","url":"http:\/\/sentiteseguro.emergenciaag.com.ar\/wp-content\/uploads\/2019\/11\/Iso.png","contentUrl":"http:\/\/sentiteseguro.emergenciaag.com.ar\/wp-content\/uploads\/2019\/11\/Iso.png","width":76,"height":58,"caption":"Sentite Seguro"},"image":{"@id":"http:\/\/sentiteseguro.emergenciaag.com.ar\/#\/schema\/logo\/image\/"}}]}},"jetpack_sharing_enabled":true,"_links":{"self":[{"href":"http:\/\/sentiteseguro.emergenciaag.com.ar\/index.php\/wp-json\/wp\/v2\/pages\/572","targetHints":{"allow":["GET"]}}],"collection":[{"href":"http:\/\/sentiteseguro.emergenciaag.com.ar\/index.php\/wp-json\/wp\/v2\/pages"}],"about":[{"href":"http:\/\/sentiteseguro.emergenciaag.com.ar\/index.php\/wp-json\/wp\/v2\/types\/page"}],"author":[{"embeddable":true,"href":"http:\/\/sentiteseguro.emergenciaag.com.ar\/index.php\/wp-json\/wp\/v2\/users\/1"}],"replies":[{"embeddable":true,"href":"http:\/\/sentiteseguro.emergenciaag.com.ar\/index.php\/wp-json\/wp\/v2\/comments?post=572"}],"version-history":[{"count":4,"href":"http:\/\/sentiteseguro.emergenciaag.com.ar\/index.php\/wp-json\/wp\/v2\/pages\/572\/revisions"}],"predecessor-version":[{"id":619,"href":"http:\/\/sentiteseguro.emergenciaag.com.ar\/index.php\/wp-json\/wp\/v2\/pages\/572\/revisions\/619"}],"wp:attachment":[{"href":"http:\/\/sentiteseguro.emergenciaag.com.ar\/index.php\/wp-json\/wp\/v2\/media?parent=572"}],"curies":[{"name":"wp","href":"https:\/\/api.w.org\/{rel}","templated":true}]}}