{"id":42,"date":"2018-04-30T06:20:03","date_gmt":"2018-04-30T06:20:03","guid":{"rendered":"http:\/\/demo.rarathemes.com\/rara-business\/?page_id=42"},"modified":"2019-11-30T23:53:08","modified_gmt":"2019-12-01T02:53:08","slug":"who-we-are","status":"publish","type":"page","link":"http:\/\/sentiteseguro.emergenciaag.com.ar\/index.php\/who-we-are\/","title":{"rendered":"Bonificaci\u00f3n"},"content":{"rendered":"<p><b>Por cada a\u00f1o que renueves con nosotros, te bonificamos una cuota. Y si nunca nos llamaste, una cuota m\u00e1s, sabemos lo importante que sos y cuidamos tu econom\u00eda.<\/b><\/p>\n","protected":false},"excerpt":{"rendered":"<p>Por cada a\u00f1o que renueves con nosotros, te bonificamos una &hellip; <\/p>\n","protected":false},"author":1,"featured_media":452,"parent":0,"menu_order":0,"comment_status":"closed","ping_status":"closed","template":"","meta":{"_joinchat":[],"footnotes":""},"class_list":["post-42","page","type-page","status-publish","has-post-thumbnail","hentry"],"yoast_head":"<!-- This site is optimized with the Yoast SEO plugin v27.4 - https:\/\/yoast.com\/product\/yoast-seo-wordpress\/ -->\n<title>Bonificaci\u00f3n - Sentite Seguro<\/title>\n<meta name=\"robots\" content=\"index, follow, max-snippet:-1, max-image-preview:large, max-video-preview:-1\" \/>\n<link rel=\"canonical\" href=\"http:\/\/sentiteseguro.emergenciaag.com.ar\/index.php\/who-we-are\/\" \/>\n<meta property=\"og:locale\" content=\"es_ES\" \/>\n<meta property=\"og:type\" content=\"article\" \/>\n<meta property=\"og:title\" content=\"Bonificaci\u00f3n - Sentite Seguro\" \/>\n<meta property=\"og:description\" content=\"Por cada a\u00f1o que renueves con nosotros, te bonificamos una &hellip;\" \/>\n<meta property=\"og:url\" content=\"http:\/\/sentiteseguro.emergenciaag.com.ar\/index.php\/who-we-are\/\" \/>\n<meta property=\"og:site_name\" content=\"Sentite Seguro\" \/>\n<meta property=\"article:modified_time\" content=\"2019-12-01T02:53:08+00:00\" \/>\n<meta property=\"og:image\" content=\"http:\/\/sentiteseguro.emergenciaag.com.ar\/wp-content\/uploads\/2019\/11\/ahorro-1548353729734-e1575168244170.jpg\" \/>\n\t<meta property=\"og:image:width\" content=\"550\" \/>\n\t<meta property=\"og:image:height\" content=\"294\" \/>\n\t<meta property=\"og:image:type\" content=\"image\/jpeg\" \/>\n<meta name=\"twitter:card\" content=\"summary_large_image\" \/>\n<script type=\"application\/ld+json\" class=\"yoast-schema-graph\">{\"@context\":\"https:\\\/\\\/schema.org\",\"@graph\":[{\"@type\":\"WebPage\",\"@id\":\"http:\\\/\\\/sentiteseguro.emergenciaag.com.ar\\\/index.php\\\/who-we-are\\\/\",\"url\":\"http:\\\/\\\/sentiteseguro.emergenciaag.com.ar\\\/index.php\\\/who-we-are\\\/\",\"name\":\"Bonificaci\u00f3n - Sentite Seguro\",\"isPartOf\":{\"@id\":\"http:\\\/\\\/sentiteseguro.emergenciaag.com.ar\\\/#website\"},\"primaryImageOfPage\":{\"@id\":\"http:\\\/\\\/sentiteseguro.emergenciaag.com.ar\\\/index.php\\\/who-we-are\\\/#primaryimage\"},\"image\":{\"@id\":\"http:\\\/\\\/sentiteseguro.emergenciaag.com.ar\\\/index.php\\\/who-we-are\\\/#primaryimage\"},\"thumbnailUrl\":\"http:\\\/\\\/sentiteseguro.emergenciaag.com.ar\\\/wp-content\\\/uploads\\\/2019\\\/11\\\/ahorro-1548353729734-e1575168244170.jpg\",\"datePublished\":\"2018-04-30T06:20:03+00:00\",\"dateModified\":\"2019-12-01T02:53:08+00:00\",\"breadcrumb\":{\"@id\":\"http:\\\/\\\/sentiteseguro.emergenciaag.com.ar\\\/index.php\\\/who-we-are\\\/#breadcrumb\"},\"inLanguage\":\"es-AR\",\"potentialAction\":[{\"@type\":\"ReadAction\",\"target\":[\"http:\\\/\\\/sentiteseguro.emergenciaag.com.ar\\\/index.php\\\/who-we-are\\\/\"]}]},{\"@type\":\"ImageObject\",\"inLanguage\":\"es-AR\",\"@id\":\"http:\\\/\\\/sentiteseguro.emergenciaag.com.ar\\\/index.php\\\/who-we-are\\\/#primaryimage\",\"url\":\"http:\\\/\\\/sentiteseguro.emergenciaag.com.ar\\\/wp-content\\\/uploads\\\/2019\\\/11\\\/ahorro-1548353729734-e1575168244170.jpg\",\"contentUrl\":\"http:\\\/\\\/sentiteseguro.emergenciaag.com.ar\\\/wp-content\\\/uploads\\\/2019\\\/11\\\/ahorro-1548353729734-e1575168244170.jpg\",\"width\":550,\"height\":294},{\"@type\":\"BreadcrumbList\",\"@id\":\"http:\\\/\\\/sentiteseguro.emergenciaag.com.ar\\\/index.php\\\/who-we-are\\\/#breadcrumb\",\"itemListElement\":[{\"@type\":\"ListItem\",\"position\":1,\"name\":\"Inicio\",\"item\":\"https:\\\/\\\/sentiteseguro.emergenciaag.com.ar\\\/\"},{\"@type\":\"ListItem\",\"position\":2,\"name\":\"Bonificaci\u00f3n\"}]},{\"@type\":\"WebSite\",\"@id\":\"http:\\\/\\\/sentiteseguro.emergenciaag.com.ar\\\/#website\",\"url\":\"http:\\\/\\\/sentiteseguro.emergenciaag.com.ar\\\/\",\"name\":\"Sentite Seguro\",\"description\":\"Emergencia AG\",\"publisher\":{\"@id\":\"http:\\\/\\\/sentiteseguro.emergenciaag.com.ar\\\/#organization\"},\"potentialAction\":[{\"@type\":\"SearchAction\",\"target\":{\"@type\":\"EntryPoint\",\"urlTemplate\":\"http:\\\/\\\/sentiteseguro.emergenciaag.com.ar\\\/?s={search_term_string}\"},\"query-input\":{\"@type\":\"PropertyValueSpecification\",\"valueRequired\":true,\"valueName\":\"search_term_string\"}}],\"inLanguage\":\"es-AR\"},{\"@type\":\"Organization\",\"@id\":\"http:\\\/\\\/sentiteseguro.emergenciaag.com.ar\\\/#organization\",\"name\":\"Sentite Seguro\",\"url\":\"http:\\\/\\\/sentiteseguro.emergenciaag.com.ar\\\/\",\"logo\":{\"@type\":\"ImageObject\",\"inLanguage\":\"es-AR\",\"@id\":\"http:\\\/\\\/sentiteseguro.emergenciaag.com.ar\\\/#\\\/schema\\\/logo\\\/image\\\/\",\"url\":\"http:\\\/\\\/sentiteseguro.emergenciaag.com.ar\\\/wp-content\\\/uploads\\\/2019\\\/11\\\/Iso.png\",\"contentUrl\":\"http:\\\/\\\/sentiteseguro.emergenciaag.com.ar\\\/wp-content\\\/uploads\\\/2019\\\/11\\\/Iso.png\",\"width\":76,\"height\":58,\"caption\":\"Sentite Seguro\"},\"image\":{\"@id\":\"http:\\\/\\\/sentiteseguro.emergenciaag.com.ar\\\/#\\\/schema\\\/logo\\\/image\\\/\"}}]}<\/script>\n<!-- \/ Yoast SEO plugin. -->","yoast_head_json":{"title":"Bonificaci\u00f3n - Sentite Seguro","robots":{"index":"index","follow":"follow","max-snippet":"max-snippet:-1","max-image-preview":"max-image-preview:large","max-video-preview":"max-video-preview:-1"},"canonical":"http:\/\/sentiteseguro.emergenciaag.com.ar\/index.php\/who-we-are\/","og_locale":"es_ES","og_type":"article","og_title":"Bonificaci\u00f3n - Sentite Seguro","og_description":"Por cada a\u00f1o que renueves con nosotros, te bonificamos una &hellip;","og_url":"http:\/\/sentiteseguro.emergenciaag.com.ar\/index.php\/who-we-are\/","og_site_name":"Sentite Seguro","article_modified_time":"2019-12-01T02:53:08+00:00","og_image":[{"width":550,"height":294,"url":"http:\/\/sentiteseguro.emergenciaag.com.ar\/wp-content\/uploads\/2019\/11\/ahorro-1548353729734-e1575168244170.jpg","type":"image\/jpeg"}],"twitter_card":"summary_large_image","schema":{"@context":"https:\/\/schema.org","@graph":[{"@type":"WebPage","@id":"http:\/\/sentiteseguro.emergenciaag.com.ar\/index.php\/who-we-are\/","url":"http:\/\/sentiteseguro.emergenciaag.com.ar\/index.php\/who-we-are\/","name":"Bonificaci\u00f3n - Sentite Seguro","isPartOf":{"@id":"http:\/\/sentiteseguro.emergenciaag.com.ar\/#website"},"primaryImageOfPage":{"@id":"http:\/\/sentiteseguro.emergenciaag.com.ar\/index.php\/who-we-are\/#primaryimage"},"image":{"@id":"http:\/\/sentiteseguro.emergenciaag.com.ar\/index.php\/who-we-are\/#primaryimage"},"thumbnailUrl":"http:\/\/sentiteseguro.emergenciaag.com.ar\/wp-content\/uploads\/2019\/11\/ahorro-1548353729734-e1575168244170.jpg","datePublished":"2018-04-30T06:20:03+00:00","dateModified":"2019-12-01T02:53:08+00:00","breadcrumb":{"@id":"http:\/\/sentiteseguro.emergenciaag.com.ar\/index.php\/who-we-are\/#breadcrumb"},"inLanguage":"es-AR","potentialAction":[{"@type":"ReadAction","target":["http:\/\/sentiteseguro.emergenciaag.com.ar\/index.php\/who-we-are\/"]}]},{"@type":"ImageObject","inLanguage":"es-AR","@id":"http:\/\/sentiteseguro.emergenciaag.com.ar\/index.php\/who-we-are\/#primaryimage","url":"http:\/\/sentiteseguro.emergenciaag.com.ar\/wp-content\/uploads\/2019\/11\/ahorro-1548353729734-e1575168244170.jpg","contentUrl":"http:\/\/sentiteseguro.emergenciaag.com.ar\/wp-content\/uploads\/2019\/11\/ahorro-1548353729734-e1575168244170.jpg","width":550,"height":294},{"@type":"BreadcrumbList","@id":"http:\/\/sentiteseguro.emergenciaag.com.ar\/index.php\/who-we-are\/#breadcrumb","itemListElement":[{"@type":"ListItem","position":1,"name":"Inicio","item":"https:\/\/sentiteseguro.emergenciaag.com.ar\/"},{"@type":"ListItem","position":2,"name":"Bonificaci\u00f3n"}]},{"@type":"WebSite","@id":"http:\/\/sentiteseguro.emergenciaag.com.ar\/#website","url":"http:\/\/sentiteseguro.emergenciaag.com.ar\/","name":"Sentite Seguro","description":"Emergencia AG","publisher":{"@id":"http:\/\/sentiteseguro.emergenciaag.com.ar\/#organization"},"potentialAction":[{"@type":"SearchAction","target":{"@type":"EntryPoint","urlTemplate":"http:\/\/sentiteseguro.emergenciaag.com.ar\/?s={search_term_string}"},"query-input":{"@type":"PropertyValueSpecification","valueRequired":true,"valueName":"search_term_string"}}],"inLanguage":"es-AR"},{"@type":"Organization","@id":"http:\/\/sentiteseguro.emergenciaag.com.ar\/#organization","name":"Sentite Seguro","url":"http:\/\/sentiteseguro.emergenciaag.com.ar\/","logo":{"@type":"ImageObject","inLanguage":"es-AR","@id":"http:\/\/sentiteseguro.emergenciaag.com.ar\/#\/schema\/logo\/image\/","url":"http:\/\/sentiteseguro.emergenciaag.com.ar\/wp-content\/uploads\/2019\/11\/Iso.png","contentUrl":"http:\/\/sentiteseguro.emergenciaag.com.ar\/wp-content\/uploads\/2019\/11\/Iso.png","width":76,"height":58,"caption":"Sentite Seguro"},"image":{"@id":"http:\/\/sentiteseguro.emergenciaag.com.ar\/#\/schema\/logo\/image\/"}}]}},"jetpack_sharing_enabled":true,"_links":{"self":[{"href":"http:\/\/sentiteseguro.emergenciaag.com.ar\/index.php\/wp-json\/wp\/v2\/pages\/42","targetHints":{"allow":["GET"]}}],"collection":[{"href":"http:\/\/sentiteseguro.emergenciaag.com.ar\/index.php\/wp-json\/wp\/v2\/pages"}],"about":[{"href":"http:\/\/sentiteseguro.emergenciaag.com.ar\/index.php\/wp-json\/wp\/v2\/types\/page"}],"author":[{"embeddable":true,"href":"http:\/\/sentiteseguro.emergenciaag.com.ar\/index.php\/wp-json\/wp\/v2\/users\/1"}],"replies":[{"embeddable":true,"href":"http:\/\/sentiteseguro.emergenciaag.com.ar\/index.php\/wp-json\/wp\/v2\/comments?post=42"}],"version-history":[{"count":6,"href":"http:\/\/sentiteseguro.emergenciaag.com.ar\/index.php\/wp-json\/wp\/v2\/pages\/42\/revisions"}],"predecessor-version":[{"id":459,"href":"http:\/\/sentiteseguro.emergenciaag.com.ar\/index.php\/wp-json\/wp\/v2\/pages\/42\/revisions\/459"}],"wp:featuredmedia":[{"embeddable":true,"href":"http:\/\/sentiteseguro.emergenciaag.com.ar\/index.php\/wp-json\/wp\/v2\/media\/452"}],"wp:attachment":[{"href":"http:\/\/sentiteseguro.emergenciaag.com.ar\/index.php\/wp-json\/wp\/v2\/media?parent=42"}],"curies":[{"name":"wp","href":"https:\/\/api.w.org\/{rel}","templated":true}]}}