{"id":2,"date":"2019-01-29T18:34:25","date_gmt":"2019-01-29T18:34:25","guid":{"rendered":"http:\/\/sentiteseguro.emergenciaag.com.ar\/\/?page_id=2"},"modified":"2020-03-22T10:39:34","modified_gmt":"2020-03-22T13:39:34","slug":"referido","status":"publish","type":"page","link":"http:\/\/sentiteseguro.emergenciaag.com.ar\/index.php\/referido\/","title":{"rendered":"Referido"},"content":{"rendered":"\n<figure class=\"wp-block-image size-large\"><img loading=\"lazy\" decoding=\"async\" width=\"1024\" height=\"689\" src=\"http:\/\/sentiteseguro.emergenciaag.com.ar\/wp-content\/uploads\/2019\/12\/amigos-2-1024x689.jpg\" alt=\"\" class=\"wp-image-607\" srcset=\"http:\/\/sentiteseguro.emergenciaag.com.ar\/wp-content\/uploads\/2019\/12\/amigos-2-1024x689.jpg 1024w, http:\/\/sentiteseguro.emergenciaag.com.ar\/wp-content\/uploads\/2019\/12\/amigos-2-300x202.jpg 300w, http:\/\/sentiteseguro.emergenciaag.com.ar\/wp-content\/uploads\/2019\/12\/amigos-2-768x517.jpg 768w, http:\/\/sentiteseguro.emergenciaag.com.ar\/wp-content\/uploads\/2019\/12\/amigos-2-1536x1034.jpg 1536w, http:\/\/sentiteseguro.emergenciaag.com.ar\/wp-content\/uploads\/2019\/12\/amigos-2-2048x1379.jpg 2048w, http:\/\/sentiteseguro.emergenciaag.com.ar\/wp-content\/uploads\/2019\/12\/amigos-2-89x60.jpg 89w\" sizes=\"auto, (max-width: 1024px) 100vw, 1024px\" \/><\/figure>\n\n\n\n<p>\u00a1Volvi\u00f3 nuestro programa de referidos y ahora es mucho mejor!&nbsp;<\/p>\n\n\n\n<p>Cada persona que adhiera a nuestro sistema usando tu n\u00famero de DNI, tiene la mitad de la pr\u00f3xima cuota gratis. \u00a1S\u00ed! Y a vos tambi\u00e9n te bonificamos la mitad de tu cuota.<\/p>\n\n\n\n<p><strong>\u00bfC\u00f3mo funciona?<\/strong><\/p>\n\n\n\n<ol class=\"wp-block-list\"><li>Al momento de suscribir tenes que darnos el n\u00famero de dni tuyo y de tu referido.<\/li><li>Tus amigos pueden usar tus datos para obtener el beneficio.<\/li><li>El referido es por \u00fanica vez. Si ya estuvo en el sistema no puede volver a ser referido.<\/li><li>Una vez que compraron y se acredito el dinero de la cuota, se inicia el proceso de beneficiarte el mes que entra, a vos y a tu referido. Un 50% para cada uno. Hasta un m\u00e1ximo del 50%, no acumulable.<\/li><\/ol>\n\n\n\n<p><strong>\u00a1M\u00e1s refer\u00eds, m\u00e1s ahorr\u00e1s!<\/strong><\/p>\n\n\n\n<hr class=\"wp-block-separator\"\/>\n\n\n\n<p><strong>T\u00e9rminos y condiciones \u00abReferidos Sentite seguro e\u00bb<\/strong><\/p>\n\n\n\n<ol class=\"wp-block-list\"><li>Promoci\u00f3n<br>a) \u201cReferidos sentite seguro e\u201d es una promoci\u00f3n (en adelante, la \u201cPromoci\u00f3n\u201d) v\u00e1lida para RA y organizada por \u201cEmergencia AG SRL\u201d, CUIT N\u00b0 30-6823782-0, con domicilio legal en Paraguay 86, Alta Gracia, Cordoba, C.P. 5186 (en adelante, el \u201cOrganizador\u201d o\u00a0 la \u201cempresa\u201d), todas las personas mayores a 18 a\u00f1os, domiciliadas en la R.A.(el\/los \u201cParticipante\/s\u201d). La presente Promoci\u00f3n no est\u00e1 sujeta a la intervenci\u00f3n del azar, conforme lo estipula el art. 10 de la Ley 22.802.<\/li><li>Los participantes<br>a) Para participar de la Promoci\u00f3n es necesario que el participante, adem\u00e1s de cumplir con las dem\u00e1s condiciones previstas en los presentes T\u00e9rminos y Condiciones, re\u00fana los siguientes requisitos: (I) ser una persona mayor a dieciocho (18) a\u00f1os de edad; (II) estar domiciliado en la RA; (III) tener contratado y vigente el servicio de \u201cSentite seguro e\u201d. Adicionalmente, es condici\u00f3n para la acreditaci\u00f3n del beneficio (conforme se define en la cl\u00e1usula 3) que el Usuario no mantenga ninguna deuda o se encuentre en incumplimiento con la empresa por el uso de los servicios en cualquier momento durante la vigencia de la Promoci\u00f3n.<br>b) Podr\u00e1 participar de la Promoci\u00f3n todo Usuario (en adelante el \u201cParticipante\u201d y\/o los\u201cParticipantes\u201d) que: i) haya adquirido el servicio ofrecido y ii) tenga sus cuotas al d\u00eda.<\/li><li>Mec\u00e1nica de la promoci\u00f3n<br>a) El \u201cparticipante\u201d deber\u00e1 informar al momento de la afiliaci\u00f3n los DNI de los dos beneficiarios al momento de contratar el servicio.<br>b) El \u201cReferido\u201d ser\u00e1 registrado como amigo del \u201cParticipante\u201d para poder hacerse entrega de sus respectivas bonificaciones de su\/s pr\u00f3ximas cuotas en caso de cumplir con las condiciones mencionadas y\/o t\u00e9rminos y condiciones de la promoci\u00f3n. El \u201cReferido\u201d debe tener su cuota al d\u00eda para que a ambos se les bonifique la cuota. El \u201cReferido\u201d puede ser nuevamente referente.<br>c) La promoci\u00f3n es v\u00e1lida solo para el \u201cParticipante\u201d. No hay l\u00edmite de cantidad de Referidos por Participante.\u00a0<br>d) Esta promoci\u00f3n es v\u00e1lida para clientes nuevos que no hayan contratado el servicio nunca.<\/li><li>Premios<br>a) Para el Participante: Se le bonificar\u00e1 la mitad la pr\u00f3xima cuota a partir de que el referido este al d\u00eda en el pago del servicio. Si el \u201cReferido\u201d se encuentra al d\u00eda, tanto el \u201cParticipante\u201d y como el \u201cReferido\u201d no recibir\u00e1n sus premios. El \u201cParticipante\u201d puede seguir compartiendo la promoci\u00f3n con sus amigos. La bonificaci\u00f3n se aplicar\u00e1.<br>&#8211; Para el referido: Se le bonificar\u00e1 la mitad de la pr\u00f3xima cuota despu\u00e9s de contratar el servicio.<br>&#8211; Para el referente: Se le bonificar\u00e1 la mitad de la pr\u00f3xima cuota despu\u00e9s de contratado el servicio por parte del referido.<br>b) La responsabilidad de la empresa finaliza con la puesta a disposici\u00f3n de los beneficios a los Participantes y\/o Referidos y, bajo ning\u00fan concepto, deber\u00e1 responder o reintegrar a los Participantes cualquier costo y\/o gasto en que \u00e9stos incurran debido a su participaci\u00f3n en la Promoci\u00f3n, ni por cualquier otra causa.<br>c) Este beneficio no es acumulable con otras promociones.\u00a0<\/li><li>Vigencia de la promoci\u00f3n<br>a) La \u201cpromoci\u00f3n\u201d es v\u00e1lida desde las 00:00 horas del d\u00eda 01 de noviembre de 2019, hasta las 23:59 horas del d\u00eda 31 de julio de 2020 (en adelante, el \u201cPlazo\u201d) en la RA. La empresa se reserva el derecho interrumpir o suspender o prolongar la Promoci\u00f3n en cualquier momento durante el Plazo.<\/li><li>Condiciones generales<br>a) El Participante, al hacer uso de la promoci\u00f3n acepta T\u00e9rminos y Condiciones de la misma. La participaci\u00f3n en esta implica la aceptaci\u00f3n de los T\u00e9rminos y Condiciones. La empresa se reserva el derecho de modificar, ampliar y\/o aclarar los T\u00e9rminos y Condiciones de la Promoci\u00f3n en cualquier momento durante el Plazo. En caso de dada de baja el servicio, cualquiera sea el motivo se perder\u00e1n todos los beneficios para los participantes.<br>b) La empresa podr\u00e1 suspender la aplicaci\u00f3n de la Promoci\u00f3n en cualquier momento cuando, a criterio exclusivo de la empresa, existieran sospechas de ilegalidad, fraude o incumplimiento de los T\u00e9rminos y Condiciones de la Promoci\u00f3n o de los T\u00e9rminos y Condiciones de uso de la empresa, sin perjuicio de los dem\u00e1s reclamos, acciones legales o denuncias que pudieran corresponder.<br>c) Los datos personales de los Participantes y Referidos ser\u00e1n utilizados y conservados por la empresa de conformidad con lo dispuesto en las Pol\u00edticas de Privacidad de la empresa.<br>d) Para cualquier controversia que pudiere surgir con relaci\u00f3n a la Promoci\u00f3n y a estas bases y condiciones, los participantes se someten a la jurisdicci\u00f3n de los tribunales provinciales de la ciudad de Alta Gracia, con renuncia a cualquier otro fuero y jurisdicci\u00f3n que pudiera corresponder.<\/li><\/ol>\n","protected":false},"excerpt":{"rendered":"<p>\u00a1Volvi\u00f3 nuestro programa de referidos y ahora es mucho mejor!&nbsp; &hellip; <\/p>\n","protected":false},"author":1,"featured_media":0,"parent":0,"menu_order":0,"comment_status":"closed","ping_status":"open","template":"","meta":{"_joinchat":[],"footnotes":""},"class_list":["post-2","page","type-page","status-publish","hentry"],"yoast_head":"<!-- This site is optimized with the Yoast SEO plugin v27.5 - https:\/\/yoast.com\/product\/yoast-seo-wordpress\/ -->\n<title>Referido - Sentite Seguro<\/title>\n<meta name=\"robots\" content=\"index, follow, max-snippet:-1, max-image-preview:large, max-video-preview:-1\" \/>\n<link rel=\"canonical\" href=\"http:\/\/sentiteseguro.emergenciaag.com.ar\/index.php\/referido\/\" \/>\n<meta property=\"og:locale\" content=\"es_ES\" \/>\n<meta property=\"og:type\" content=\"article\" \/>\n<meta property=\"og:title\" content=\"Referido - Sentite Seguro\" \/>\n<meta property=\"og:description\" content=\"\u00a1Volvi\u00f3 nuestro programa de referidos y ahora es mucho mejor!&nbsp; &hellip;\" \/>\n<meta property=\"og:url\" content=\"http:\/\/sentiteseguro.emergenciaag.com.ar\/index.php\/referido\/\" \/>\n<meta property=\"og:site_name\" content=\"Sentite Seguro\" \/>\n<meta property=\"article:modified_time\" content=\"2020-03-22T13:39:34+00:00\" \/>\n<meta property=\"og:image\" content=\"http:\/\/sentiteseguro.emergenciaag.com.ar\/wp-content\/uploads\/2019\/12\/amigos-2-1024x689.jpg\" \/>\n<meta name=\"twitter:card\" content=\"summary_large_image\" \/>\n<meta name=\"twitter:label1\" content=\"Tiempo de lectura\" \/>\n\t<meta name=\"twitter:data1\" content=\"5 minutos\" \/>\n<script type=\"application\/ld+json\" class=\"yoast-schema-graph\">{\"@context\":\"https:\\\/\\\/schema.org\",\"@graph\":[{\"@type\":\"WebPage\",\"@id\":\"http:\\\/\\\/sentiteseguro.emergenciaag.com.ar\\\/index.php\\\/referido\\\/\",\"url\":\"http:\\\/\\\/sentiteseguro.emergenciaag.com.ar\\\/index.php\\\/referido\\\/\",\"name\":\"Referido - Sentite Seguro\",\"isPartOf\":{\"@id\":\"http:\\\/\\\/sentiteseguro.emergenciaag.com.ar\\\/#website\"},\"primaryImageOfPage\":{\"@id\":\"http:\\\/\\\/sentiteseguro.emergenciaag.com.ar\\\/index.php\\\/referido\\\/#primaryimage\"},\"image\":{\"@id\":\"http:\\\/\\\/sentiteseguro.emergenciaag.com.ar\\\/index.php\\\/referido\\\/#primaryimage\"},\"thumbnailUrl\":\"http:\\\/\\\/sentiteseguro.emergenciaag.com.ar\\\/wp-content\\\/uploads\\\/2019\\\/12\\\/amigos-2-1024x689.jpg\",\"datePublished\":\"2019-01-29T18:34:25+00:00\",\"dateModified\":\"2020-03-22T13:39:34+00:00\",\"breadcrumb\":{\"@id\":\"http:\\\/\\\/sentiteseguro.emergenciaag.com.ar\\\/index.php\\\/referido\\\/#breadcrumb\"},\"inLanguage\":\"es-AR\",\"potentialAction\":[{\"@type\":\"ReadAction\",\"target\":[\"http:\\\/\\\/sentiteseguro.emergenciaag.com.ar\\\/index.php\\\/referido\\\/\"]}]},{\"@type\":\"ImageObject\",\"inLanguage\":\"es-AR\",\"@id\":\"http:\\\/\\\/sentiteseguro.emergenciaag.com.ar\\\/index.php\\\/referido\\\/#primaryimage\",\"url\":\"http:\\\/\\\/sentiteseguro.emergenciaag.com.ar\\\/wp-content\\\/uploads\\\/2019\\\/12\\\/amigos-2.jpg\",\"contentUrl\":\"http:\\\/\\\/sentiteseguro.emergenciaag.com.ar\\\/wp-content\\\/uploads\\\/2019\\\/12\\\/amigos-2.jpg\",\"width\":2200,\"height\":1481,\"caption\":\"\u05d0\u05d9\u05e9\u05d4 \u05dc\u05d5\u05d7\u05e9\u05ea \u05e1\u05d5\u05d3 \u05dc \u05d0\u05d5\u05d6\u05df \u05d0\u05d9\u05e9 \u05d8\u05e8\u05d0\u05d5\u05de\u05d4 Beautiful young woman whispering a secret into her boyfriend's ear \u05d2\u05d1\u05e8 \u05e1\u05d5\u05d3\u05d5\u05ea\"},{\"@type\":\"BreadcrumbList\",\"@id\":\"http:\\\/\\\/sentiteseguro.emergenciaag.com.ar\\\/index.php\\\/referido\\\/#breadcrumb\",\"itemListElement\":[{\"@type\":\"ListItem\",\"position\":1,\"name\":\"Inicio\",\"item\":\"https:\\\/\\\/sentiteseguro.emergenciaag.com.ar\\\/\"},{\"@type\":\"ListItem\",\"position\":2,\"name\":\"Referido\"}]},{\"@type\":\"WebSite\",\"@id\":\"http:\\\/\\\/sentiteseguro.emergenciaag.com.ar\\\/#website\",\"url\":\"http:\\\/\\\/sentiteseguro.emergenciaag.com.ar\\\/\",\"name\":\"Sentite Seguro\",\"description\":\"Emergencia AG\",\"publisher\":{\"@id\":\"http:\\\/\\\/sentiteseguro.emergenciaag.com.ar\\\/#organization\"},\"potentialAction\":[{\"@type\":\"SearchAction\",\"target\":{\"@type\":\"EntryPoint\",\"urlTemplate\":\"http:\\\/\\\/sentiteseguro.emergenciaag.com.ar\\\/?s={search_term_string}\"},\"query-input\":{\"@type\":\"PropertyValueSpecification\",\"valueRequired\":true,\"valueName\":\"search_term_string\"}}],\"inLanguage\":\"es-AR\"},{\"@type\":\"Organization\",\"@id\":\"http:\\\/\\\/sentiteseguro.emergenciaag.com.ar\\\/#organization\",\"name\":\"Sentite Seguro\",\"url\":\"http:\\\/\\\/sentiteseguro.emergenciaag.com.ar\\\/\",\"logo\":{\"@type\":\"ImageObject\",\"inLanguage\":\"es-AR\",\"@id\":\"http:\\\/\\\/sentiteseguro.emergenciaag.com.ar\\\/#\\\/schema\\\/logo\\\/image\\\/\",\"url\":\"http:\\\/\\\/sentiteseguro.emergenciaag.com.ar\\\/wp-content\\\/uploads\\\/2019\\\/11\\\/Iso.png\",\"contentUrl\":\"http:\\\/\\\/sentiteseguro.emergenciaag.com.ar\\\/wp-content\\\/uploads\\\/2019\\\/11\\\/Iso.png\",\"width\":76,\"height\":58,\"caption\":\"Sentite Seguro\"},\"image\":{\"@id\":\"http:\\\/\\\/sentiteseguro.emergenciaag.com.ar\\\/#\\\/schema\\\/logo\\\/image\\\/\"}}]}<\/script>\n<!-- \/ Yoast SEO plugin. -->","yoast_head_json":{"title":"Referido - Sentite Seguro","robots":{"index":"index","follow":"follow","max-snippet":"max-snippet:-1","max-image-preview":"max-image-preview:large","max-video-preview":"max-video-preview:-1"},"canonical":"http:\/\/sentiteseguro.emergenciaag.com.ar\/index.php\/referido\/","og_locale":"es_ES","og_type":"article","og_title":"Referido - Sentite Seguro","og_description":"\u00a1Volvi\u00f3 nuestro programa de referidos y ahora es mucho mejor!&nbsp; &hellip;","og_url":"http:\/\/sentiteseguro.emergenciaag.com.ar\/index.php\/referido\/","og_site_name":"Sentite Seguro","article_modified_time":"2020-03-22T13:39:34+00:00","og_image":[{"url":"http:\/\/sentiteseguro.emergenciaag.com.ar\/wp-content\/uploads\/2019\/12\/amigos-2-1024x689.jpg","type":"","width":"","height":""}],"twitter_card":"summary_large_image","twitter_misc":{"Tiempo de lectura":"5 minutos"},"schema":{"@context":"https:\/\/schema.org","@graph":[{"@type":"WebPage","@id":"http:\/\/sentiteseguro.emergenciaag.com.ar\/index.php\/referido\/","url":"http:\/\/sentiteseguro.emergenciaag.com.ar\/index.php\/referido\/","name":"Referido - Sentite Seguro","isPartOf":{"@id":"http:\/\/sentiteseguro.emergenciaag.com.ar\/#website"},"primaryImageOfPage":{"@id":"http:\/\/sentiteseguro.emergenciaag.com.ar\/index.php\/referido\/#primaryimage"},"image":{"@id":"http:\/\/sentiteseguro.emergenciaag.com.ar\/index.php\/referido\/#primaryimage"},"thumbnailUrl":"http:\/\/sentiteseguro.emergenciaag.com.ar\/wp-content\/uploads\/2019\/12\/amigos-2-1024x689.jpg","datePublished":"2019-01-29T18:34:25+00:00","dateModified":"2020-03-22T13:39:34+00:00","breadcrumb":{"@id":"http:\/\/sentiteseguro.emergenciaag.com.ar\/index.php\/referido\/#breadcrumb"},"inLanguage":"es-AR","potentialAction":[{"@type":"ReadAction","target":["http:\/\/sentiteseguro.emergenciaag.com.ar\/index.php\/referido\/"]}]},{"@type":"ImageObject","inLanguage":"es-AR","@id":"http:\/\/sentiteseguro.emergenciaag.com.ar\/index.php\/referido\/#primaryimage","url":"http:\/\/sentiteseguro.emergenciaag.com.ar\/wp-content\/uploads\/2019\/12\/amigos-2.jpg","contentUrl":"http:\/\/sentiteseguro.emergenciaag.com.ar\/wp-content\/uploads\/2019\/12\/amigos-2.jpg","width":2200,"height":1481,"caption":"\u05d0\u05d9\u05e9\u05d4 \u05dc\u05d5\u05d7\u05e9\u05ea \u05e1\u05d5\u05d3 \u05dc \u05d0\u05d5\u05d6\u05df \u05d0\u05d9\u05e9 \u05d8\u05e8\u05d0\u05d5\u05de\u05d4 Beautiful young woman whispering a secret into her boyfriend's ear \u05d2\u05d1\u05e8 \u05e1\u05d5\u05d3\u05d5\u05ea"},{"@type":"BreadcrumbList","@id":"http:\/\/sentiteseguro.emergenciaag.com.ar\/index.php\/referido\/#breadcrumb","itemListElement":[{"@type":"ListItem","position":1,"name":"Inicio","item":"https:\/\/sentiteseguro.emergenciaag.com.ar\/"},{"@type":"ListItem","position":2,"name":"Referido"}]},{"@type":"WebSite","@id":"http:\/\/sentiteseguro.emergenciaag.com.ar\/#website","url":"http:\/\/sentiteseguro.emergenciaag.com.ar\/","name":"Sentite Seguro","description":"Emergencia AG","publisher":{"@id":"http:\/\/sentiteseguro.emergenciaag.com.ar\/#organization"},"potentialAction":[{"@type":"SearchAction","target":{"@type":"EntryPoint","urlTemplate":"http:\/\/sentiteseguro.emergenciaag.com.ar\/?s={search_term_string}"},"query-input":{"@type":"PropertyValueSpecification","valueRequired":true,"valueName":"search_term_string"}}],"inLanguage":"es-AR"},{"@type":"Organization","@id":"http:\/\/sentiteseguro.emergenciaag.com.ar\/#organization","name":"Sentite Seguro","url":"http:\/\/sentiteseguro.emergenciaag.com.ar\/","logo":{"@type":"ImageObject","inLanguage":"es-AR","@id":"http:\/\/sentiteseguro.emergenciaag.com.ar\/#\/schema\/logo\/image\/","url":"http:\/\/sentiteseguro.emergenciaag.com.ar\/wp-content\/uploads\/2019\/11\/Iso.png","contentUrl":"http:\/\/sentiteseguro.emergenciaag.com.ar\/wp-content\/uploads\/2019\/11\/Iso.png","width":76,"height":58,"caption":"Sentite Seguro"},"image":{"@id":"http:\/\/sentiteseguro.emergenciaag.com.ar\/#\/schema\/logo\/image\/"}}]}},"jetpack_sharing_enabled":true,"_links":{"self":[{"href":"http:\/\/sentiteseguro.emergenciaag.com.ar\/index.php\/wp-json\/wp\/v2\/pages\/2","targetHints":{"allow":["GET"]}}],"collection":[{"href":"http:\/\/sentiteseguro.emergenciaag.com.ar\/index.php\/wp-json\/wp\/v2\/pages"}],"about":[{"href":"http:\/\/sentiteseguro.emergenciaag.com.ar\/index.php\/wp-json\/wp\/v2\/types\/page"}],"author":[{"embeddable":true,"href":"http:\/\/sentiteseguro.emergenciaag.com.ar\/index.php\/wp-json\/wp\/v2\/users\/1"}],"replies":[{"embeddable":true,"href":"http:\/\/sentiteseguro.emergenciaag.com.ar\/index.php\/wp-json\/wp\/v2\/comments?post=2"}],"version-history":[{"count":11,"href":"http:\/\/sentiteseguro.emergenciaag.com.ar\/index.php\/wp-json\/wp\/v2\/pages\/2\/revisions"}],"predecessor-version":[{"id":632,"href":"http:\/\/sentiteseguro.emergenciaag.com.ar\/index.php\/wp-json\/wp\/v2\/pages\/2\/revisions\/632"}],"wp:attachment":[{"href":"http:\/\/sentiteseguro.emergenciaag.com.ar\/index.php\/wp-json\/wp\/v2\/media?parent=2"}],"curies":[{"name":"wp","href":"https:\/\/api.w.org\/{rel}","templated":true}]}}